{"id":3636,"date":"2012-09-10T15:27:40","date_gmt":"2012-09-10T15:27:40","guid":{"rendered":"http:\/\/www.academicana.com\/?page_id=3636"},"modified":"2020-03-01T11:31:41","modified_gmt":"2020-03-01T08:31:41","slug":"iletisim","status":"publish","type":"page","link":"http:\/\/www.academicana.com\/en_gb\/iletisim\/","title":{"rendered":"\u0130leti\u015fim\/Contact"},"content":{"rendered":"<p><span style=\"color: #ff0000;\">\u0130leti\u015fim formunda sorun olmas\u0131 durumunda l\u00fctfen a\u015fa\u011f\u0131daki e-mail adresimize do\u011frudan g\u00f6ndermeye \u00e7al\u0131\u015f\u0131n\u0131z.<\/span><\/p>\n<p>info@academicana.com &#8211;&nbsp;academicana@gmail.com<br \/>\n0 (532) 507 30 09<\/p>\n<div role=\"form\" class=\"wpcf7\" id=\"wpcf7-f5808-o1\" lang=\"tr-TR\" dir=\"ltr\">\n<div class=\"screen-reader-response\"><\/div>\n<form action=\"\/en_gb\/wp-json\/wp\/v2\/pages\/3636#wpcf7-f5808-o1\" method=\"post\" class=\"wpcf7-form\" novalidate=\"novalidate\" data-trp-original-action=\"\/en_gb\/wp-json\/wp\/v2\/pages\/3636#wpcf7-f5808-o1\">\n<div style=\"display: none;\">\n<input type=\"hidden\" name=\"_wpcf7\" value=\"5808\" \/>\n<input type=\"hidden\" name=\"_wpcf7_version\" value=\"5.1.6\" \/>\n<input type=\"hidden\" name=\"_wpcf7_locale\" value=\"tr_TR\" \/>\n<input type=\"hidden\" name=\"_wpcf7_unit_tag\" value=\"wpcf7-f5808-o1\" \/>\n<input type=\"hidden\" name=\"_wpcf7_container_post\" value=\"0\" \/>\n<\/div>\n<p><label> Ad\u0131n\u0131z (gerekli)<br \/>\n    <span class=\"wpcf7-form-control-wrap your-name\"><input type=\"text\" name=\"your-name\" value=\"\" size=\"40\" class=\"wpcf7-form-control wpcf7-text wpcf7-validates-as-required\" aria-required=\"true\" aria-invalid=\"false\" \/><\/span> <\/label><\/p>\n<p><label> E-posta adresiniz (gerekli)<br \/>\n    <span class=\"wpcf7-form-control-wrap your-email\"><input type=\"email\" name=\"your-email\" value=\"\" size=\"40\" class=\"wpcf7-form-control wpcf7-text wpcf7-email wpcf7-validates-as-required wpcf7-validates-as-email\" aria-required=\"true\" aria-invalid=\"false\" \/><\/span> <\/label><\/p>\n<p><label> Konu<br \/>\n    <span class=\"wpcf7-form-control-wrap your-subject\"><input type=\"text\" name=\"your-subject\" value=\"\" size=\"40\" class=\"wpcf7-form-control wpcf7-text\" aria-invalid=\"false\" \/><\/span> <\/label><\/p>\n<p><label> \u0130letiniz<br \/>\n    <span class=\"wpcf7-form-control-wrap your-message\"><textarea name=\"your-message\" cols=\"40\" rows=\"10\" class=\"wpcf7-form-control wpcf7-textarea\" aria-invalid=\"false\"><\/textarea><\/span> <\/label><\/p>\n<p><input type=\"submit\" value=\"G\u00f6nder\" class=\"wpcf7-form-control wpcf7-submit\" \/><\/p>\n<p style=\"display: none !important;\" class=\"akismet-fields-container\" data-prefix=\"_wpcf7_ak_\"><label>&#916;<textarea name=\"_wpcf7_ak_hp_textarea\" cols=\"45\" rows=\"8\" maxlength=\"100\"><\/textarea><\/label><input type=\"hidden\" id=\"ak_js_1\" name=\"_wpcf7_ak_js\" value=\"62\"\/><script>document.getElementById( \"ak_js_1\" ).setAttribute( \"value\", ( new Date() ).getTime() );<\/script><\/p><div class=\"wpcf7-response-output wpcf7-display-none\"><\/div><input type=\"hidden\" name=\"trp-form-language\" value=\"en_gb\"\/><\/form><\/div>\n<p><a title=\"Academicana Maps\" href=\"https:\/\/www.google.com\/maps\/place\/Academicana\/@36.878088,30.646164,15z\/data=!4m2!3m1!1s0x0:0x43ed5f0a410607c4\"><img decoding=\"async\" loading=\"lazy\" class=\"alignnone size-medium wp-image-5558\" src=\"http:\/\/www.academicana.com\/wp-content\/uploads\/2015\/03\/Academicana-maps-300x137.png\" alt=\"Academicana maps\" width=\"300\" height=\"137\" srcset=\"http:\/\/www.academicana.com\/wp-content\/uploads\/2015\/03\/Academicana-maps-300x137.png 300w, http:\/\/www.academicana.com\/wp-content\/uploads\/2015\/03\/Academicana-maps.png 700w\" sizes=\"(max-width: 300px) 100vw, 300px\" \/><\/a><\/p>","protected":false},"excerpt":{"rendered":"<p>\u0130leti\u015fim formunda sorun olmas\u0131 durumunda l\u00fctfen a\u015fa\u011f\u0131daki e-mail adresimize do\u011frudan g\u00f6ndermeye \u00e7al\u0131\u015f\u0131n\u0131z. info@academicana.com &#8211;&nbsp;academicana@gmail.com 0 (532) 507 30 09<\/p>","protected":false},"author":1,"featured_media":0,"parent":0,"menu_order":0,"comment_status":"closed","ping_status":"closed","template":"","meta":[],"aioseo_notices":[],"_links":{"self":[{"href":"http:\/\/www.academicana.com\/en_gb\/wp-json\/wp\/v2\/pages\/3636"}],"collection":[{"href":"http:\/\/www.academicana.com\/en_gb\/wp-json\/wp\/v2\/pages"}],"about":[{"href":"http:\/\/www.academicana.com\/en_gb\/wp-json\/wp\/v2\/types\/page"}],"author":[{"embeddable":true,"href":"http:\/\/www.academicana.com\/en_gb\/wp-json\/wp\/v2\/users\/1"}],"replies":[{"embeddable":true,"href":"http:\/\/www.academicana.com\/en_gb\/wp-json\/wp\/v2\/comments?post=3636"}],"version-history":[{"count":45,"href":"http:\/\/www.academicana.com\/en_gb\/wp-json\/wp\/v2\/pages\/3636\/revisions"}],"predecessor-version":[{"id":6006,"href":"http:\/\/www.academicana.com\/en_gb\/wp-json\/wp\/v2\/pages\/3636\/revisions\/6006"}],"wp:attachment":[{"href":"http:\/\/www.academicana.com\/en_gb\/wp-json\/wp\/v2\/media?parent=3636"}],"curies":[{"name":"wp","href":"https:\/\/api.w.org\/{rel}","templated":true}]}}