{"id":4652,"date":"2013-10-27T20:28:36","date_gmt":"2013-10-27T18:28:36","guid":{"rendered":"http:\/\/www.academicana.com\/basin-odasi\/membership-checkout\/"},"modified":"2015-01-03T23:59:34","modified_gmt":"2015-01-03T21:59:34","slug":"personel","status":"publish","type":"page","link":"http:\/\/www.academicana.com\/en_gb\/personel\/","title":{"rendered":"\u0130nsan Kaynaklar\u0131"},"content":{"rendered":"<p>\u0130\u015f ve personel arayan taraflar\u0131n bizimle ileti\u015fime ge\u00e7meleri halinde s\u00fcre\u00e7 i\u015fleyecektir..<\/p>\n<ul>\n<li>Toros\u00a0Mh. 803. sok. No:32\/9 \u00a0Konyaalt\/Antalya<\/li>\n<li><strong>Tel:<\/strong>\u00a00242 230 4707<\/li>\n<li><strong>Email:<\/strong>\u00a0info@academicana.com<\/li>\n<li><strong>Website:<\/strong>\u00a0http:\/\/www.academicana.com<\/li>\n<\/ul>\n<p>A\u015fa\u011f\u0131daki forma akl\u0131n\u0131zdan nelerin ge\u00e7ti\u011fini ve neler d\u00fc\u015f\u00fcnd\u00fc\u011f\u00fcn\u00fcz\u00fc bize yaz\u0131n.<\/p>\n<div role=\"form\" class=\"wpcf7\" id=\"wpcf7-f5808-o1\" lang=\"tr-TR\" dir=\"ltr\">\n<div class=\"screen-reader-response\"><\/div>\n<form action=\"\/en_gb\/wp-json\/wp\/v2\/pages\/4652#wpcf7-f5808-o1\" method=\"post\" class=\"wpcf7-form\" novalidate=\"novalidate\" data-trp-original-action=\"\/en_gb\/wp-json\/wp\/v2\/pages\/4652#wpcf7-f5808-o1\">\n<div style=\"display: none;\">\n<input type=\"hidden\" name=\"_wpcf7\" value=\"5808\" \/>\n<input type=\"hidden\" name=\"_wpcf7_version\" value=\"5.1.6\" \/>\n<input type=\"hidden\" name=\"_wpcf7_locale\" value=\"tr_TR\" \/>\n<input type=\"hidden\" name=\"_wpcf7_unit_tag\" value=\"wpcf7-f5808-o1\" \/>\n<input type=\"hidden\" name=\"_wpcf7_container_post\" value=\"0\" \/>\n<\/div>\n<p><label> Ad\u0131n\u0131z (gerekli)<br \/>\n    <span class=\"wpcf7-form-control-wrap your-name\"><input type=\"text\" name=\"your-name\" value=\"\" size=\"40\" class=\"wpcf7-form-control wpcf7-text wpcf7-validates-as-required\" aria-required=\"true\" aria-invalid=\"false\" \/><\/span> <\/label><\/p>\n<p><label> E-posta adresiniz (gerekli)<br \/>\n    <span class=\"wpcf7-form-control-wrap your-email\"><input type=\"email\" name=\"your-email\" value=\"\" size=\"40\" class=\"wpcf7-form-control wpcf7-text wpcf7-email wpcf7-validates-as-required wpcf7-validates-as-email\" aria-required=\"true\" aria-invalid=\"false\" \/><\/span> <\/label><\/p>\n<p><label> Konu<br \/>\n    <span class=\"wpcf7-form-control-wrap your-subject\"><input type=\"text\" name=\"your-subject\" value=\"\" size=\"40\" class=\"wpcf7-form-control wpcf7-text\" aria-invalid=\"false\" \/><\/span> <\/label><\/p>\n<p><label> \u0130letiniz<br \/>\n    <span class=\"wpcf7-form-control-wrap your-message\"><textarea name=\"your-message\" cols=\"40\" rows=\"10\" class=\"wpcf7-form-control wpcf7-textarea\" aria-invalid=\"false\"><\/textarea><\/span> <\/label><\/p>\n<p><input type=\"submit\" value=\"G\u00f6nder\" class=\"wpcf7-form-control wpcf7-submit\" \/><\/p>\n<p style=\"display: none !important;\" class=\"akismet-fields-container\" data-prefix=\"_wpcf7_ak_\"><label>&#916;<textarea name=\"_wpcf7_ak_hp_textarea\" cols=\"45\" rows=\"8\" maxlength=\"100\"><\/textarea><\/label><input type=\"hidden\" id=\"ak_js_1\" name=\"_wpcf7_ak_js\" value=\"213\"\/><script>document.getElementById( \"ak_js_1\" ).setAttribute( \"value\", ( new Date() ).getTime() );<\/script><\/p><div class=\"wpcf7-response-output wpcf7-display-none\"><\/div><input type=\"hidden\" name=\"trp-form-language\" value=\"en_gb\"\/><\/form><\/div>","protected":false},"excerpt":{"rendered":"<p>\u0130\u015f ve personel arayan taraflar\u0131n bizimle ileti\u015fime ge\u00e7meleri halinde s\u00fcre\u00e7 i\u015fleyecektir.. Toros\u00a0Mh. 803. sok. No:32\/9 \u00a0Konyaalt\/Antalya Tel:\u00a00242 230 4707 Email:\u00a0info@academicana.com Website:\u00a0http:\/\/www.academicana.com A\u015fa\u011f\u0131daki forma akl\u0131n\u0131zdan nelerin ge\u00e7ti\u011fini ve neler d\u00fc\u015f\u00fcnd\u00fc\u011f\u00fcn\u00fcz\u00fc bize yaz\u0131n.<\/p>","protected":false},"author":1,"featured_media":4990,"parent":0,"menu_order":0,"comment_status":"open","ping_status":"closed","template":"","meta":[],"aioseo_notices":[],"_links":{"self":[{"href":"http:\/\/www.academicana.com\/en_gb\/wp-json\/wp\/v2\/pages\/4652"}],"collection":[{"href":"http:\/\/www.academicana.com\/en_gb\/wp-json\/wp\/v2\/pages"}],"about":[{"href":"http:\/\/www.academicana.com\/en_gb\/wp-json\/wp\/v2\/types\/page"}],"author":[{"embeddable":true,"href":"http:\/\/www.academicana.com\/en_gb\/wp-json\/wp\/v2\/users\/1"}],"replies":[{"embeddable":true,"href":"http:\/\/www.academicana.com\/en_gb\/wp-json\/wp\/v2\/comments?post=4652"}],"version-history":[{"count":3,"href":"http:\/\/www.academicana.com\/en_gb\/wp-json\/wp\/v2\/pages\/4652\/revisions"}],"predecessor-version":[{"id":5410,"href":"http:\/\/www.academicana.com\/en_gb\/wp-json\/wp\/v2\/pages\/4652\/revisions\/5410"}],"wp:featuredmedia":[{"embeddable":true,"href":"http:\/\/www.academicana.com\/en_gb\/wp-json\/wp\/v2\/media\/4990"}],"wp:attachment":[{"href":"http:\/\/www.academicana.com\/en_gb\/wp-json\/wp\/v2\/media?parent=4652"}],"curies":[{"name":"wp","href":"https:\/\/api.w.org\/{rel}","templated":true}]}}