{"id":4654,"date":"2013-10-27T20:28:36","date_gmt":"2013-10-27T18:28:36","guid":{"rendered":"http:\/\/www.academicana.com\/basin-odasi\/membership-invoice\/"},"modified":"2014-12-25T00:05:39","modified_gmt":"2014-12-24T22:05:39","slug":"terapi","status":"publish","type":"page","link":"http:\/\/www.academicana.com\/en_gb\/terapi\/","title":{"rendered":"Wellness ve Ya\u015fam Kalitesi"},"content":{"rendered":"<p><strong><span style=\"color: #ff6600;\">Wellness ve Ya\u015fam Kalitesi Geli\u015ftirme programlar\u0131<\/span>\u00a0 bireyin ihtiyac\u0131na ve amac\u0131na y\u00f6nelik planlar yapar. Ama\u00e7, ki\u015finin ya\u015fam kalitesini optimum seviyeye getirmektir. Dolay\u0131s\u0131yla \u00a0\u00f6ncelikle bireyin mevcut ya\u015fam kalitesi, ihtiya\u00e7 ve ama\u00e7lar\u0131 belirlendikten\u00a0sonra uygun program\u0131 uygular.<\/strong><\/p>\n<p><strong><span style=\"color: #0000ff;\">Ya\u015fam Kalitesi Geli\u015fimi i\u00e7in uygulanan programlardan baz\u0131lar\u0131.<\/span><\/strong><\/p>\n<ul>\n<li><strong><span style=\"color: #000000;\">Ya\u015fam Ko\u00e7lu\u011fu<\/span><\/strong><\/li>\n<li><strong><span style=\"color: #000000;\">Ki\u015fisel Ya\u015fam Kalitesi Analizi<\/span><\/strong><\/li>\n<li><strong><span style=\"color: #000000;\">Post\u00fcr Analizi<\/span><\/strong><\/li>\n<li><strong><span style=\"color: #000000;\">Kilo Kontrol\u00fc<\/span><\/strong><\/li>\n<li><strong><span style=\"color: #000000;\">Aromaterapi<\/span><\/strong><\/li>\n<li><strong><span style=\"color: #000000;\">Masaj Terapi<\/span><\/strong><\/li>\n<li><strong><span style=\"color: #000000;\">Manipulasyon<\/span><\/strong><\/li>\n<li><strong><span style=\"color: #000000;\">Refleksoloji<\/span><\/strong><\/li>\n<li><strong><span style=\"color: #000000;\">Shiatsu\/Akupresur<\/span><\/strong><\/li>\n<li><strong><span style=\"color: #000000;\">Thai Masaj\u0131<\/span><\/strong><\/li>\n<li><strong><span style=\"color: #000000;\">Manuel Lenfatik Drenaj<\/span><\/strong><\/li>\n<li><strong><span style=\"color: #000000;\">Yoga Terapi<\/span><\/strong><\/li>\n<li><strong><span style=\"color: #000000;\">Tai Chi<\/span><\/strong><\/li>\n<li><strong><span style=\"color: #000000;\">Qi Gong<\/span><\/strong><\/li>\n<li><strong><span style=\"color: #000000;\">Pilates<\/span><\/strong><\/li>\n<li><strong><span style=\"color: #000000;\">Ki\u015fisel Egzersiz<\/span><\/strong><\/li>\n<li><strong><span style=\"color: #000000;\">Brain Gym \/Beyin Cimnasti\u011fi<\/span><\/strong><\/li>\n<li><strong><span style=\"color: #000000;\">Watsu<\/span><\/strong><\/li>\n<li><strong><span style=\"color: #000000;\">Aquassage<\/span><\/strong><\/li>\n<\/ul>","protected":false},"excerpt":{"rendered":"<p>Wellness ve Ya\u015fam Kalitesi Geli\u015ftirme programlar\u0131\u00a0 bireyin ihtiyac\u0131na ve amac\u0131na y\u00f6nelik planlar yapar. Ama\u00e7, ki\u015finin ya\u015fam kalitesini optimum seviyeye getirmektir. Dolay\u0131s\u0131yla \u00a0\u00f6ncelikle bireyin mevcut ya\u015fam kalitesi, ihtiya\u00e7 ve ama\u00e7lar\u0131 belirlendikten\u00a0sonra uygun program\u0131 uygular. Ya\u015fam Kalitesi Geli\u015fimi i\u00e7in uygulanan programlardan baz\u0131lar\u0131. Ya\u015fam Ko\u00e7lu\u011fu Ki\u015fisel Ya\u015fam Kalitesi Analizi Post\u00fcr Analizi Kilo Kontrol\u00fc Aromaterapi Masaj Terapi Manipulasyon Refleksoloji&hellip; <br \/> <a class=\"button small blue\" href=\"http:\/\/www.academicana.com\/en_gb\/terapi\/\">Read more<\/a><\/p>","protected":false},"author":1,"featured_media":0,"parent":0,"menu_order":0,"comment_status":"open","ping_status":"closed","template":"","meta":[],"aioseo_notices":[],"_links":{"self":[{"href":"http:\/\/www.academicana.com\/en_gb\/wp-json\/wp\/v2\/pages\/4654"}],"collection":[{"href":"http:\/\/www.academicana.com\/en_gb\/wp-json\/wp\/v2\/pages"}],"about":[{"href":"http:\/\/www.academicana.com\/en_gb\/wp-json\/wp\/v2\/types\/page"}],"author":[{"embeddable":true,"href":"http:\/\/www.academicana.com\/en_gb\/wp-json\/wp\/v2\/users\/1"}],"replies":[{"embeddable":true,"href":"http:\/\/www.academicana.com\/en_gb\/wp-json\/wp\/v2\/comments?post=4654"}],"version-history":[{"count":11,"href":"http:\/\/www.academicana.com\/en_gb\/wp-json\/wp\/v2\/pages\/4654\/revisions"}],"predecessor-version":[{"id":5388,"href":"http:\/\/www.academicana.com\/en_gb\/wp-json\/wp\/v2\/pages\/4654\/revisions\/5388"}],"wp:attachment":[{"href":"http:\/\/www.academicana.com\/en_gb\/wp-json\/wp\/v2\/media?parent=4654"}],"curies":[{"name":"wp","href":"https:\/\/api.w.org\/{rel}","templated":true}]}}