{"id":5772,"date":"2020-02-21T00:10:50","date_gmt":"2020-02-20T21:10:50","guid":{"rendered":"http:\/\/www.academicana.com\/blog\/"},"modified":"2020-03-02T01:39:32","modified_gmt":"2020-03-01T22:39:32","slug":"blog","status":"publish","type":"page","link":"http:\/\/www.academicana.com\/en_gb\/blog\/","title":{"rendered":"Blok"},"content":{"rendered":"<ul class=\"wp-block-categories-list wp-block-categories\">\t<li class=\"cat-item cat-item-9\"><a href=\"http:\/\/www.academicana.com\/en_gb\/category\/kurs\/\">Kurs \/ E\u011fitim<\/a> (2)\n<\/li>\n\t<li class=\"cat-item cat-item-4\"><a href=\"http:\/\/www.academicana.com\/en_gb\/category\/sektor\/\">Mesleki \/ Sekt\u00f6rel<\/a> (10)\n<\/li>\n\t<li class=\"cat-item cat-item-1\"><a href=\"http:\/\/www.academicana.com\/en_gb\/category\/nayceman\/\">Nihat AY\u00c7EMAN<\/a> (10)\n<\/li>\n\t<li class=\"cat-item cat-item-3\"><a href=\"http:\/\/www.academicana.com\/en_gb\/category\/saglik\/\">Sa\u011fl\u0131kl\u0131 Ya\u015fam<\/a> (7)\n<\/li>\n\t<li class=\"cat-item cat-item-112\"><a href=\"http:\/\/www.academicana.com\/en_gb\/category\/uncategorized\/\">Uncategorized<\/a> (3)\n<\/li>\n<\/ul>","protected":false},"excerpt":{"rendered":"","protected":false},"author":1,"featured_media":0,"parent":0,"menu_order":0,"comment_status":"closed","ping_status":"closed","template":"","meta":[],"aioseo_notices":[],"_links":{"self":[{"href":"http:\/\/www.academicana.com\/en_gb\/wp-json\/wp\/v2\/pages\/5772"}],"collection":[{"href":"http:\/\/www.academicana.com\/en_gb\/wp-json\/wp\/v2\/pages"}],"about":[{"href":"http:\/\/www.academicana.com\/en_gb\/wp-json\/wp\/v2\/types\/page"}],"author":[{"embeddable":true,"href":"http:\/\/www.academicana.com\/en_gb\/wp-json\/wp\/v2\/users\/1"}],"replies":[{"embeddable":true,"href":"http:\/\/www.academicana.com\/en_gb\/wp-json\/wp\/v2\/comments?post=5772"}],"version-history":[{"count":5,"href":"http:\/\/www.academicana.com\/en_gb\/wp-json\/wp\/v2\/pages\/5772\/revisions"}],"predecessor-version":[{"id":6064,"href":"http:\/\/www.academicana.com\/en_gb\/wp-json\/wp\/v2\/pages\/5772\/revisions\/6064"}],"wp:attachment":[{"href":"http:\/\/www.academicana.com\/en_gb\/wp-json\/wp\/v2\/media?parent=5772"}],"curies":[{"name":"wp","href":"https:\/\/api.w.org\/{rel}","templated":true}]}}